{"id":2172,"date":"2023-01-05T10:30:52","date_gmt":"2023-01-05T09:30:52","guid":{"rendered":"https:\/\/animadulcis.com\/our-products\/whisky\/"},"modified":"2026-02-06T09:56:56","modified_gmt":"2026-02-06T08:56:56","slug":"whisky","status":"publish","type":"product","link":"https:\/\/animadulcis.com\/es\/bombones-de-licor\/whisky\/","title":{"rendered":"Whisky"},"content":{"rendered":"<p><strong>Caja de 12 bombones<\/strong> de 13 gramos cada uno.<\/p>\n<p>Disfrute de un capricho decadente con nuestros bombones de chocolate rellenos de whisky. Cada bomb\u00f3n del tama\u00f1o de un bocado est\u00e1 elaborado artesanalmente con chocolate negro intenso que se derrite en la boca para revelar un suave y c\u00e1lido centro de whisky de primera calidad. Perfectos para degustar despu\u00e9s de la cena o para regalar a un conocedor del whisky, nuestros bombones est\u00e1n elaborados con los mejores ingredientes para garantizar una experiencia verdaderamente placentera.<\/p>\n<p>As\u00ed que si\u00e9ntese, rel\u00e1jese y disfrute de la combinaci\u00f3n definitiva de chocolate y whisky con nuestros suntuosos bombones rellenos de whisky.<\/p>\n<p><strong>Descripci\u00f3n del sabor:<\/strong><\/p>\n<p>Whisky de malta con turba de Escocia, pralin\u00e9 casero con la selecci\u00f3n de frutos secos Anima Dulcis, chocolate negro premium al 70%.<\/p>\n","protected":false},"excerpt":{"rendered":"<p>Caja de 12 bombones de 13 gramos cada uno. Disfrute de un capricho decadente con nuestros bombones de chocolate rellenos de whisky. Cada bomb\u00f3n del tama\u00f1o de un bocado est\u00e1 elaborado artesanalmente con chocolate negro intenso que se derrite en la boca para revelar un suave y c\u00e1lido centro de whisky de primera calidad. Perfectos&#8230;<\/p>\n","protected":false},"featured_media":2112,"comment_status":"open","ping_status":"closed","template":"","meta":{"_kad_post_transparent":"default","_kad_post_title":"","_kad_post_layout":"default","_kad_post_sidebar_id":"","_kad_post_content_style":"default","_kad_post_vertical_padding":"default","_kad_post_feature":"","_kad_post_feature_position":"","_kad_post_header":false,"_kad_post_footer":false,"_kad_post_classname":""},"product_brand":[],"product_cat":[28],"product_tag":[],"class_list":{"0":"post-2172","1":"product","2":"type-product","3":"status-publish","4":"has-post-thumbnail","6":"product_cat-bombones-de-licor","8":"first","9":"instock","10":"shipping-taxable","11":"purchasable","12":"product-type-simple","13":"entry","14":"content-bg","15":"loop-entry"},"_links":{"self":[{"href":"https:\/\/animadulcis.com\/es\/wp-json\/wp\/v2\/product\/2172","targetHints":{"allow":["GET"]}}],"collection":[{"href":"https:\/\/animadulcis.com\/es\/wp-json\/wp\/v2\/product"}],"about":[{"href":"https:\/\/animadulcis.com\/es\/wp-json\/wp\/v2\/types\/product"}],"replies":[{"embeddable":true,"href":"https:\/\/animadulcis.com\/es\/wp-json\/wp\/v2\/comments?post=2172"}],"wp:featuredmedia":[{"embeddable":true,"href":"https:\/\/animadulcis.com\/es\/wp-json\/wp\/v2\/media\/2112"}],"wp:attachment":[{"href":"https:\/\/animadulcis.com\/es\/wp-json\/wp\/v2\/media?parent=2172"}],"wp:term":[{"taxonomy":"product_brand","embeddable":true,"href":"https:\/\/animadulcis.com\/es\/wp-json\/wp\/v2\/product_brand?post=2172"},{"taxonomy":"product_cat","embeddable":true,"href":"https:\/\/animadulcis.com\/es\/wp-json\/wp\/v2\/product_cat?post=2172"},{"taxonomy":"product_tag","embeddable":true,"href":"https:\/\/animadulcis.com\/es\/wp-json\/wp\/v2\/product_tag?post=2172"}],"curies":[{"name":"wp","href":"https:\/\/api.w.org\/{rel}","templated":true}]}}