{"id":2171,"date":"2023-01-06T11:15:36","date_gmt":"2023-01-06T10:15:36","guid":{"rendered":"https:\/\/animadulcis.com\/our-products\/ron\/"},"modified":"2026-02-06T09:53:29","modified_gmt":"2026-02-06T08:53:29","slug":"ron","status":"publish","type":"product","link":"https:\/\/animadulcis.com\/es\/bombones-de-licor\/ron\/","title":{"rendered":"Ron"},"content":{"rendered":"<p><strong>Caja de 12 bombones<\/strong> de 13 gramos cada uno.<\/p>\n<p>Los bombones de chocolate rellenos de ron son un capricho delicioso perfecto para cualquier ocasi\u00f3n especial. No solo son bonitos, sino que su sabor es realmente extraordinario. La combinaci\u00f3n del rico chocolate negro y el suave ron crea una explosi\u00f3n de delicia en tu boca.<\/p>\n<p>Lo primero que notar\u00e1s al morder uno es la textura crujiente de la capa exterior de chocolate negro; se derrite para revelar un centro l\u00edquido con el punto justo de ron para darle ese toque extra. Cada bomb\u00f3n ha sido elaborado artesanalmente con mucho cuidado, por lo que no hay dos piezas exactamente iguales, \u00a1lo que los hace a\u00fan m\u00e1s \u00fanicos y especiales!<\/p>\n<p><strong>Descripci\u00f3n del sabor:<\/strong><\/p>\n<p>Ron caribe\u00f1o doblemente madurado y acabado en barrica de Jerez, mezcla de almendras y avellanas tostadas, chocolate negro premium al 70%.<\/p>\n","protected":false},"excerpt":{"rendered":"<p>Ron caribe\u00f1o doblemente madurado y acabado en barrica de Jerez, mezcla de almendras y avellanas tostadas, chocolate negro premium al 70%.<\/p>\n","protected":false},"featured_media":2104,"comment_status":"open","ping_status":"closed","template":"","meta":{"_kad_post_transparent":"default","_kad_post_title":"","_kad_post_layout":"default","_kad_post_sidebar_id":"","_kad_post_content_style":"default","_kad_post_vertical_padding":"default","_kad_post_feature":"","_kad_post_feature_position":"","_kad_post_header":false,"_kad_post_footer":false,"_kad_post_classname":""},"product_brand":[],"product_cat":[28],"product_tag":[],"class_list":{"0":"post-2171","1":"product","2":"type-product","3":"status-publish","4":"has-post-thumbnail","6":"product_cat-bombones-de-licor","8":"first","9":"instock","10":"shipping-taxable","11":"purchasable","12":"product-type-simple","13":"entry","14":"content-bg","15":"loop-entry"},"_links":{"self":[{"href":"https:\/\/animadulcis.com\/es\/wp-json\/wp\/v2\/product\/2171","targetHints":{"allow":["GET"]}}],"collection":[{"href":"https:\/\/animadulcis.com\/es\/wp-json\/wp\/v2\/product"}],"about":[{"href":"https:\/\/animadulcis.com\/es\/wp-json\/wp\/v2\/types\/product"}],"replies":[{"embeddable":true,"href":"https:\/\/animadulcis.com\/es\/wp-json\/wp\/v2\/comments?post=2171"}],"wp:featuredmedia":[{"embeddable":true,"href":"https:\/\/animadulcis.com\/es\/wp-json\/wp\/v2\/media\/2104"}],"wp:attachment":[{"href":"https:\/\/animadulcis.com\/es\/wp-json\/wp\/v2\/media?parent=2171"}],"wp:term":[{"taxonomy":"product_brand","embeddable":true,"href":"https:\/\/animadulcis.com\/es\/wp-json\/wp\/v2\/product_brand?post=2171"},{"taxonomy":"product_cat","embeddable":true,"href":"https:\/\/animadulcis.com\/es\/wp-json\/wp\/v2\/product_cat?post=2171"},{"taxonomy":"product_tag","embeddable":true,"href":"https:\/\/animadulcis.com\/es\/wp-json\/wp\/v2\/product_tag?post=2171"}],"curies":[{"name":"wp","href":"https:\/\/api.w.org\/{rel}","templated":true}]}}