{"id":2170,"date":"2023-01-06T11:34:23","date_gmt":"2023-01-06T10:34:23","guid":{"rendered":"https:\/\/animadulcis.com\/our-products\/conac\/"},"modified":"2026-02-06T09:47:58","modified_gmt":"2026-02-06T08:47:58","slug":"conac","status":"publish","type":"product","link":"https:\/\/animadulcis.com\/es\/bombones-de-licor\/conac\/","title":{"rendered":"Co\u00f1ac"},"content":{"rendered":"<p><strong>Caja de 12 bombones<\/strong> de 13 gramos cada uno.<\/p>\n<p>Estos deliciosos bombones son perfectos para cualquier ocasi\u00f3n, ya sea como parte de un regalo o simplemente porque te los mereces. Su delicado sabor los hace ideales para acompa\u00f1ar el t\u00e9 o el caf\u00e9 despu\u00e9s de la cena; su mezcla \u00fanica proporciona un sofisticado final a su experiencia gastron\u00f3mica.<\/p>\n<p><strong>Descripci\u00f3n del sabor:<\/strong><\/p>\n<p>Cognac Remy Martin, para que lo sepas, receta exclusiva de ANIMA DULCIS de su pralin\u00e9 artesanal, finas migas de crepes tostadas, chocolate negro premium al 70% y oro de 22 quilates para los reyes.<\/p>\n","protected":false},"excerpt":{"rendered":"<p>Estos deliciosos bombones son perfectos para cualquier ocasi\u00f3n, ya sea como parte de un regalo o simplemente porque te los mereces. Su delicado sabor los hace ideales para acompa\u00f1ar el t\u00e9 o el caf\u00e9 despu\u00e9s de la cena; su mezcla \u00fanica proporciona un sofisticado final a su experiencia gastron\u00f3mica.<\/p>\n<p>Descripci\u00f3n del sabor:<br \/>\nCognac Remy Martin, para que lo sepas, receta propia de ANIMA DULCIS de su pralin\u00e9 artesanal, finas migas de crepes tostadas, chocolate negro premium al 70% y oro de 22 quilates para los reyes.<\/p>\n","protected":false},"featured_media":2120,"comment_status":"open","ping_status":"closed","template":"","meta":{"_kad_post_transparent":"default","_kad_post_title":"","_kad_post_layout":"default","_kad_post_sidebar_id":"","_kad_post_content_style":"default","_kad_post_vertical_padding":"default","_kad_post_feature":"","_kad_post_feature_position":"","_kad_post_header":false,"_kad_post_footer":false,"_kad_post_classname":""},"product_brand":[],"product_cat":[28],"product_tag":[],"class_list":{"0":"post-2170","1":"product","2":"type-product","3":"status-publish","4":"has-post-thumbnail","6":"product_cat-bombones-de-licor","8":"first","9":"instock","10":"shipping-taxable","11":"purchasable","12":"product-type-simple","13":"entry","14":"content-bg","15":"loop-entry"},"_links":{"self":[{"href":"https:\/\/animadulcis.com\/es\/wp-json\/wp\/v2\/product\/2170","targetHints":{"allow":["GET"]}}],"collection":[{"href":"https:\/\/animadulcis.com\/es\/wp-json\/wp\/v2\/product"}],"about":[{"href":"https:\/\/animadulcis.com\/es\/wp-json\/wp\/v2\/types\/product"}],"replies":[{"embeddable":true,"href":"https:\/\/animadulcis.com\/es\/wp-json\/wp\/v2\/comments?post=2170"}],"wp:featuredmedia":[{"embeddable":true,"href":"https:\/\/animadulcis.com\/es\/wp-json\/wp\/v2\/media\/2120"}],"wp:attachment":[{"href":"https:\/\/animadulcis.com\/es\/wp-json\/wp\/v2\/media?parent=2170"}],"wp:term":[{"taxonomy":"product_brand","embeddable":true,"href":"https:\/\/animadulcis.com\/es\/wp-json\/wp\/v2\/product_brand?post=2170"},{"taxonomy":"product_cat","embeddable":true,"href":"https:\/\/animadulcis.com\/es\/wp-json\/wp\/v2\/product_cat?post=2170"},{"taxonomy":"product_tag","embeddable":true,"href":"https:\/\/animadulcis.com\/es\/wp-json\/wp\/v2\/product_tag?post=2170"}],"curies":[{"name":"wp","href":"https:\/\/api.w.org\/{rel}","templated":true}]}}