{"id":2169,"date":"2023-01-06T11:44:54","date_gmt":"2023-01-06T10:44:54","guid":{"rendered":"https:\/\/animadulcis.com\/our-products\/ginebra-con-fresa\/"},"modified":"2026-02-06T09:48:58","modified_gmt":"2026-02-06T08:48:58","slug":"ginebra-con-fresa","status":"publish","type":"product","link":"https:\/\/animadulcis.com\/es\/bombones-de-licor\/ginebra-con-fresa\/","title":{"rendered":"Ginebra con fresa"},"content":{"rendered":"<p><strong>Caja de 12 bombones<\/strong> de 13 gramos cada uno.<\/p>\n<p>En una tierra de dulces delicias, donde florecen las fresas y arde la ginebra, te espera un maravilloso manjar, lleno de sabor, no hay tiempo que perder. Bombones de chocolate, tan divinos. Un toque de ginebra, un toque de ralladura y lo mejor de la fresa. Una sinfon\u00eda de sabores que se suceder\u00e1, del\u00e9itate con la deliciosa dulzura de la ginebra con sabor a fresa y rosa. Disfruta del momento y siente la plenitud.<\/p>\n<p>Toma un sorbo y d\u00e9jalo fluir, mientras muerdes la capa de chocolate, deja que la magia haga su efecto. Porque en cada bomb\u00f3n se esconde un tesoro, una sensaci\u00f3n gustativa sin igual, una mezcla perfecta de ginebra y fruta envuelta en chocolate, \u00a1tan bonito!<\/p>\n<p><strong>Descripci\u00f3n del sabor:<\/strong><\/p>\n<p>Ginebra con sabor a fresa, toque de frambuesa y avellanas, pimienta rosa de Madagascar seleccionada a mano.<\/p>\n","protected":false},"excerpt":{"rendered":"<p>En una tierra de dulces delicias, donde florecen las fresas y arde la ginebra, te espera un maravilloso manjar, lleno de sabor, no hay tiempo que perder. Bombones de chocolate, tan divinos. Un toque de ginebra, un toque de ralladura y lo mejor de la fresa. Una sinfon\u00eda de sabores que se suceder\u00e1, del\u00e9itate con la deliciosa dulzura de la ginebra con sabor a fresa y rosa. Disfruta del momento y siente la plenitud.<\/p>\n<p>Toma un sorbo y d\u00e9jalo fluir, mientras muerdes la capa de chocolate, deja que la magia haga su efecto. Porque en cada bomb\u00f3n se esconde un tesoro, una sensaci\u00f3n gustativa sin igual, una mezcla perfecta de ginebra y fruta envuelta en chocolate, \u00a1tan bonito!<\/p>\n<p>Descripci\u00f3n del sabor:<br \/>\nGinebra con sabor a fresa, toque de frambuesa y avellanas, pimienta rosa de Madagascar seleccionada a mano.<\/p>\n","protected":false},"featured_media":2096,"comment_status":"open","ping_status":"closed","template":"","meta":{"_kad_post_transparent":"default","_kad_post_title":"","_kad_post_layout":"default","_kad_post_sidebar_id":"","_kad_post_content_style":"default","_kad_post_vertical_padding":"default","_kad_post_feature":"","_kad_post_feature_position":"","_kad_post_header":false,"_kad_post_footer":false,"_kad_post_classname":""},"product_brand":[],"product_cat":[28],"product_tag":[],"class_list":{"0":"post-2169","1":"product","2":"type-product","3":"status-publish","4":"has-post-thumbnail","6":"product_cat-bombones-de-licor","8":"first","9":"instock","10":"shipping-taxable","11":"product-type-simple","12":"entry","13":"content-bg","14":"loop-entry"},"_links":{"self":[{"href":"https:\/\/animadulcis.com\/es\/wp-json\/wp\/v2\/product\/2169","targetHints":{"allow":["GET"]}}],"collection":[{"href":"https:\/\/animadulcis.com\/es\/wp-json\/wp\/v2\/product"}],"about":[{"href":"https:\/\/animadulcis.com\/es\/wp-json\/wp\/v2\/types\/product"}],"replies":[{"embeddable":true,"href":"https:\/\/animadulcis.com\/es\/wp-json\/wp\/v2\/comments?post=2169"}],"wp:featuredmedia":[{"embeddable":true,"href":"https:\/\/animadulcis.com\/es\/wp-json\/wp\/v2\/media\/2096"}],"wp:attachment":[{"href":"https:\/\/animadulcis.com\/es\/wp-json\/wp\/v2\/media?parent=2169"}],"wp:term":[{"taxonomy":"product_brand","embeddable":true,"href":"https:\/\/animadulcis.com\/es\/wp-json\/wp\/v2\/product_brand?post=2169"},{"taxonomy":"product_cat","embeddable":true,"href":"https:\/\/animadulcis.com\/es\/wp-json\/wp\/v2\/product_cat?post=2169"},{"taxonomy":"product_tag","embeddable":true,"href":"https:\/\/animadulcis.com\/es\/wp-json\/wp\/v2\/product_tag?post=2169"}],"curies":[{"name":"wp","href":"https:\/\/api.w.org\/{rel}","templated":true}]}}