{"id":2168,"date":"2023-01-06T11:55:22","date_gmt":"2023-01-06T10:55:22","guid":{"rendered":"https:\/\/animadulcis.com\/our-products\/pera\/"},"modified":"2026-02-06T09:52:35","modified_gmt":"2026-02-06T08:52:35","slug":"pera","status":"publish","type":"product","link":"https:\/\/animadulcis.com\/es\/bombones-de-licor\/pera\/","title":{"rendered":"Pera"},"content":{"rendered":"<p><strong>Caja de 12 bombones<\/strong> de 13 gramos cada uno.<\/p>\n<p>Los bombones de chocolate rellenos de licor de pera son un delicioso capricho que combina el sabor dulce y \u00e1cido de las peras con el sabor intenso y suave del chocolate. Cada bomb\u00f3n est\u00e1 elaborado con una delicada capa de chocolate que envuelve un cremoso centro de licor de pera, creando un equilibrio perfecto de sabores en cada bocado.<\/p>\n<p>Ya sea que se disfruten solos como un capricho especial o acompa\u00f1ados de una taza de caf\u00e9 o t\u00e9, estos bombones satisfar\u00e1n cualquier paladar.<\/p>\n<p><strong>Descripci\u00f3n del sabor:<\/strong><\/p>\n<p>Aguardiente franc\u00e9s de peras, migas de galletas de mantequilla, flor de canela, chocolate negro. Selecci\u00f3n Anima Dulcis.<\/p>\n","protected":false},"excerpt":{"rendered":"<p>Caja de 12 bombones de 13 gramos cada uno. Los bombones de chocolate rellenos de licor de pera son un delicioso capricho que combina el sabor dulce y \u00e1cido de las peras con el sabor intenso y suave del chocolate. Cada bomb\u00f3n est\u00e1 elaborado con una delicada capa de chocolate que envuelve un cremoso centro&#8230;<\/p>\n","protected":false},"featured_media":2098,"comment_status":"open","ping_status":"closed","template":"","meta":{"_kad_post_transparent":"default","_kad_post_title":"","_kad_post_layout":"default","_kad_post_sidebar_id":"","_kad_post_content_style":"default","_kad_post_vertical_padding":"default","_kad_post_feature":"","_kad_post_feature_position":"","_kad_post_header":false,"_kad_post_footer":false,"_kad_post_classname":""},"product_brand":[],"product_cat":[28],"product_tag":[],"class_list":{"0":"post-2168","1":"product","2":"type-product","3":"status-publish","4":"has-post-thumbnail","6":"product_cat-bombones-de-licor","8":"first","9":"instock","10":"shipping-taxable","11":"purchasable","12":"product-type-simple","13":"entry","14":"content-bg","15":"loop-entry"},"_links":{"self":[{"href":"https:\/\/animadulcis.com\/es\/wp-json\/wp\/v2\/product\/2168","targetHints":{"allow":["GET"]}}],"collection":[{"href":"https:\/\/animadulcis.com\/es\/wp-json\/wp\/v2\/product"}],"about":[{"href":"https:\/\/animadulcis.com\/es\/wp-json\/wp\/v2\/types\/product"}],"replies":[{"embeddable":true,"href":"https:\/\/animadulcis.com\/es\/wp-json\/wp\/v2\/comments?post=2168"}],"wp:featuredmedia":[{"embeddable":true,"href":"https:\/\/animadulcis.com\/es\/wp-json\/wp\/v2\/media\/2098"}],"wp:attachment":[{"href":"https:\/\/animadulcis.com\/es\/wp-json\/wp\/v2\/media?parent=2168"}],"wp:term":[{"taxonomy":"product_brand","embeddable":true,"href":"https:\/\/animadulcis.com\/es\/wp-json\/wp\/v2\/product_brand?post=2168"},{"taxonomy":"product_cat","embeddable":true,"href":"https:\/\/animadulcis.com\/es\/wp-json\/wp\/v2\/product_cat?post=2168"},{"taxonomy":"product_tag","embeddable":true,"href":"https:\/\/animadulcis.com\/es\/wp-json\/wp\/v2\/product_tag?post=2168"}],"curies":[{"name":"wp","href":"https:\/\/api.w.org\/{rel}","templated":true}]}}