{"id":2167,"date":"2023-01-06T11:56:22","date_gmt":"2023-01-06T10:56:22","guid":{"rendered":"https:\/\/animadulcis.com\/our-products\/naranja\/"},"modified":"2026-02-06T09:51:40","modified_gmt":"2026-02-06T08:51:40","slug":"naranja","status":"publish","type":"product","link":"https:\/\/animadulcis.com\/es\/bombones-de-licor\/naranja\/","title":{"rendered":"Naranja"},"content":{"rendered":"<p><strong>Caja de 12 bombones<\/strong> de 13 gramos cada uno.<\/p>\n<p>Los bombones de chocolate rellenos de licor de naranja son un capricho decadente que combina el intenso sabor del licor de naranja con la suave riqueza del chocolate negro. Cada bomb\u00f3n del tama\u00f1o de un bocado est\u00e1 elaborado con una cubierta de chocolate aterciopelado que da paso a un centro de licor de naranja dulce y picante.<\/p>\n<p>Con su perfecta combinaci\u00f3n de \u00e1cido y dulce, estos bombones son un placer tanto para la vista como para el paladar, gracias a su elegante aspecto y su delicioso sabor. Ya sea como postre despu\u00e9s de la cena o como tentempi\u00e9 dulce, estos bombones de chocolate rellenos de licor de naranja satisfar\u00e1n cualquier antojo de algo delicioso y apetecible.<\/p>\n<p><strong>Descripci\u00f3n del sabor:<\/strong><\/p>\n<p>Licor de naranja exclusivo, migas de galletas de mantequilla, almendras y nuestra selecci\u00f3n de chocolate negro premium.<\/p>\n","protected":false},"excerpt":{"rendered":"<p>Caja de 12 bombones de 13 gramos cada uno. Los bombones de chocolate rellenos de licor de naranja son un capricho decadente que combina el intenso sabor del licor de naranja con la suave riqueza del chocolate negro. Cada bomb\u00f3n del tama\u00f1o de un bocado est\u00e1 elaborado con una cubierta de chocolate aterciopelado que da&#8230;<\/p>\n","protected":false},"featured_media":2100,"comment_status":"open","ping_status":"closed","template":"","meta":{"_kad_post_transparent":"default","_kad_post_title":"","_kad_post_layout":"default","_kad_post_sidebar_id":"","_kad_post_content_style":"default","_kad_post_vertical_padding":"default","_kad_post_feature":"","_kad_post_feature_position":"","_kad_post_header":false,"_kad_post_footer":false,"_kad_post_classname":""},"product_brand":[],"product_cat":[28],"product_tag":[],"class_list":{"0":"post-2167","1":"product","2":"type-product","3":"status-publish","4":"has-post-thumbnail","6":"product_cat-bombones-de-licor","8":"first","9":"instock","10":"shipping-taxable","11":"product-type-simple","12":"entry","13":"content-bg","14":"loop-entry"},"_links":{"self":[{"href":"https:\/\/animadulcis.com\/es\/wp-json\/wp\/v2\/product\/2167","targetHints":{"allow":["GET"]}}],"collection":[{"href":"https:\/\/animadulcis.com\/es\/wp-json\/wp\/v2\/product"}],"about":[{"href":"https:\/\/animadulcis.com\/es\/wp-json\/wp\/v2\/types\/product"}],"replies":[{"embeddable":true,"href":"https:\/\/animadulcis.com\/es\/wp-json\/wp\/v2\/comments?post=2167"}],"wp:featuredmedia":[{"embeddable":true,"href":"https:\/\/animadulcis.com\/es\/wp-json\/wp\/v2\/media\/2100"}],"wp:attachment":[{"href":"https:\/\/animadulcis.com\/es\/wp-json\/wp\/v2\/media?parent=2167"}],"wp:term":[{"taxonomy":"product_brand","embeddable":true,"href":"https:\/\/animadulcis.com\/es\/wp-json\/wp\/v2\/product_brand?post=2167"},{"taxonomy":"product_cat","embeddable":true,"href":"https:\/\/animadulcis.com\/es\/wp-json\/wp\/v2\/product_cat?post=2167"},{"taxonomy":"product_tag","embeddable":true,"href":"https:\/\/animadulcis.com\/es\/wp-json\/wp\/v2\/product_tag?post=2167"}],"curies":[{"name":"wp","href":"https:\/\/api.w.org\/{rel}","templated":true}]}}