{"id":2166,"date":"2023-01-06T11:57:30","date_gmt":"2023-01-06T10:57:30","guid":{"rendered":"https:\/\/animadulcis.com\/our-products\/limoncello\/"},"modified":"2026-02-06T09:50:44","modified_gmt":"2026-02-06T08:50:44","slug":"limoncello","status":"publish","type":"product","link":"https:\/\/animadulcis.com\/es\/bombones-de-licor\/limoncello\/","title":{"rendered":"Limoncello"},"content":{"rendered":"<p><strong>Caja de 12 bombones<\/strong> de 13 gramos cada uno.<\/p>\n<p>Una suave capa de chocolate con un estallido de sabor y un toque c\u00edtrico. Relleno de limoncello, tan divino. Una delicia que vale la pena saborear una y otra vez. La combinaci\u00f3n perfecta entre dulce y \u00e1cido, con un sabor que har\u00e1 las delicias de tu paladar.<\/p>\n<p><strong>Descripci\u00f3n del sabor:<\/strong><\/p>\n<p>Licor Anima Dulcis Limoncello, deliciosa combinaci\u00f3n con nuestras recetas especiales de pralin\u00e9s, chocolate negro premium al 70%.<strong><br \/>\n<\/strong><\/p>\n","protected":false},"excerpt":{"rendered":"<p>Caja de 12 bombones de 13 gramos cada uno. Una suave capa de chocolate con un estallido de sabor y un toque c\u00edtrico. Relleno de limoncello, tan divino. Una delicia que vale la pena saborear una y otra vez. La combinaci\u00f3n perfecta entre dulce y \u00e1cido, con un sabor que har\u00e1 las delicias de tu&#8230;<\/p>\n","protected":false},"featured_media":2102,"comment_status":"open","ping_status":"closed","template":"","meta":{"_kad_post_transparent":"default","_kad_post_title":"","_kad_post_layout":"default","_kad_post_sidebar_id":"","_kad_post_content_style":"default","_kad_post_vertical_padding":"default","_kad_post_feature":"","_kad_post_feature_position":"","_kad_post_header":false,"_kad_post_footer":false,"_kad_post_classname":""},"product_brand":[],"product_cat":[28],"product_tag":[],"class_list":{"0":"post-2166","1":"product","2":"type-product","3":"status-publish","4":"has-post-thumbnail","6":"product_cat-bombones-de-licor","8":"first","9":"instock","10":"shipping-taxable","11":"product-type-simple","12":"entry","13":"content-bg","14":"loop-entry"},"_links":{"self":[{"href":"https:\/\/animadulcis.com\/es\/wp-json\/wp\/v2\/product\/2166","targetHints":{"allow":["GET"]}}],"collection":[{"href":"https:\/\/animadulcis.com\/es\/wp-json\/wp\/v2\/product"}],"about":[{"href":"https:\/\/animadulcis.com\/es\/wp-json\/wp\/v2\/types\/product"}],"replies":[{"embeddable":true,"href":"https:\/\/animadulcis.com\/es\/wp-json\/wp\/v2\/comments?post=2166"}],"wp:featuredmedia":[{"embeddable":true,"href":"https:\/\/animadulcis.com\/es\/wp-json\/wp\/v2\/media\/2102"}],"wp:attachment":[{"href":"https:\/\/animadulcis.com\/es\/wp-json\/wp\/v2\/media?parent=2166"}],"wp:term":[{"taxonomy":"product_brand","embeddable":true,"href":"https:\/\/animadulcis.com\/es\/wp-json\/wp\/v2\/product_brand?post=2166"},{"taxonomy":"product_cat","embeddable":true,"href":"https:\/\/animadulcis.com\/es\/wp-json\/wp\/v2\/product_cat?post=2166"},{"taxonomy":"product_tag","embeddable":true,"href":"https:\/\/animadulcis.com\/es\/wp-json\/wp\/v2\/product_tag?post=2166"}],"curies":[{"name":"wp","href":"https:\/\/api.w.org\/{rel}","templated":true}]}}