{"id":2165,"date":"2023-03-13T10:55:44","date_gmt":"2023-03-13T09:55:44","guid":{"rendered":"https:\/\/animadulcis.com\/our-products\/surtido\/"},"modified":"2026-02-09T12:10:08","modified_gmt":"2026-02-09T11:10:08","slug":"surtido","status":"publish","type":"product","link":"https:\/\/animadulcis.com\/es\/bombones-de-licor\/surtido\/","title":{"rendered":"Surtido"},"content":{"rendered":"<p><strong>Caja de 12 bombones<\/strong> de 13 gramos cada uno.<\/p>\n<p>Una selecci\u00f3n de bombones de chocolate rellenos de licor, un capricho de lujo que combina el sabor intenso y decadente del chocolate con la impresi\u00f3n audaz y compleja de diversas bebidas espirituosas, creando una explosi\u00f3n de sabor en cada bocado. Estos bombones son perfectos para disfrutar despu\u00e9s de una comida o como un capricho especial para compartir con amigos y seres queridos.<\/p>\n<p>La variedad de licores Animas se puede servir como un postre delicioso, acompa\u00f1ado de una copa de vino o una taza de caf\u00e9, o como parte de una cesta de regalo gourmet para una ocasi\u00f3n especial. Tambi\u00e9n son una opci\u00f3n muy popular para bodas, eventos corporativos y otras celebraciones.<\/p>\n","protected":false},"excerpt":{"rendered":"<p>Caja de 12 bombones de 13 gramos cada uno. Una selecci\u00f3n de bombones de chocolate rellenos de licor, un capricho de lujo que combina el sabor intenso y decadente del chocolate con la impresi\u00f3n audaz y compleja de diversas bebidas espirituosas, creando una explosi\u00f3n de sabor en cada bocado. Estos bombones son perfectos para disfrutar&#8230;<\/p>\n","protected":false},"featured_media":2234,"comment_status":"open","ping_status":"closed","template":"","meta":{"_kad_post_transparent":"default","_kad_post_title":"","_kad_post_layout":"default","_kad_post_sidebar_id":"","_kad_post_content_style":"default","_kad_post_vertical_padding":"default","_kad_post_feature":"","_kad_post_feature_position":"","_kad_post_header":false,"_kad_post_footer":false,"_kad_post_classname":""},"product_brand":[],"product_cat":[28],"product_tag":[],"class_list":{"0":"post-2165","1":"product","2":"type-product","3":"status-publish","4":"has-post-thumbnail","6":"product_cat-bombones-de-licor","8":"first","9":"instock","10":"shipping-taxable","11":"purchasable","12":"product-type-simple","13":"entry","14":"content-bg","15":"loop-entry"},"_links":{"self":[{"href":"https:\/\/animadulcis.com\/es\/wp-json\/wp\/v2\/product\/2165","targetHints":{"allow":["GET"]}}],"collection":[{"href":"https:\/\/animadulcis.com\/es\/wp-json\/wp\/v2\/product"}],"about":[{"href":"https:\/\/animadulcis.com\/es\/wp-json\/wp\/v2\/types\/product"}],"replies":[{"embeddable":true,"href":"https:\/\/animadulcis.com\/es\/wp-json\/wp\/v2\/comments?post=2165"}],"wp:featuredmedia":[{"embeddable":true,"href":"https:\/\/animadulcis.com\/es\/wp-json\/wp\/v2\/media\/2234"}],"wp:attachment":[{"href":"https:\/\/animadulcis.com\/es\/wp-json\/wp\/v2\/media?parent=2165"}],"wp:term":[{"taxonomy":"product_brand","embeddable":true,"href":"https:\/\/animadulcis.com\/es\/wp-json\/wp\/v2\/product_brand?post=2165"},{"taxonomy":"product_cat","embeddable":true,"href":"https:\/\/animadulcis.com\/es\/wp-json\/wp\/v2\/product_cat?post=2165"},{"taxonomy":"product_tag","embeddable":true,"href":"https:\/\/animadulcis.com\/es\/wp-json\/wp\/v2\/product_tag?post=2165"}],"curies":[{"name":"wp","href":"https:\/\/api.w.org\/{rel}","templated":true}]}}