{"id":2152,"date":"2019-07-24T14:27:43","date_gmt":"2019-07-24T12:27:43","guid":{"rendered":"https:\/\/animadulcis.com\/saber-hacer\/"},"modified":"2026-02-06T09:13:00","modified_gmt":"2026-02-06T08:13:00","slug":"savoir-faire","status":"publish","type":"page","link":"https:\/\/animadulcis.com\/es\/savoir-faire\/","title":{"rendered":"Savoir Faire"},"content":{"rendered":"<style>.kb-row-layout-id2152_8aa9fc-39 > .kt-row-column-wrap{align-content:start;}:where(.kb-row-layout-id2152_8aa9fc-39 > .kt-row-column-wrap) > .wp-block-kadence-column{justify-content:start;}.kb-row-layout-id2152_8aa9fc-39 > .kt-row-column-wrap{column-gap:var(--global-kb-gap-md, 2rem);row-gap:var(--global-kb-gap-md, 2rem);max-width:1200px;margin-left:auto;margin-right:auto;padding-top:var(--global-kb-spacing-xxl, 5rem);padding-bottom:var(--global-kb-spacing-xxl, 5rem);grid-template-columns:minmax(0, 1fr);}.kb-row-layout-id2152_8aa9fc-39 > .kt-row-layout-overlay{opacity:0.30;}@media all and (max-width: 1024px){.kb-row-layout-id2152_8aa9fc-39 > .kt-row-column-wrap{padding-right:var(--global-kb-spacing-lg, 3rem);padding-left:var(--global-kb-spacing-lg, 3rem);grid-template-columns:minmax(0, 1fr);}}@media all and (max-width: 767px){.kb-row-layout-id2152_8aa9fc-39 > .kt-row-column-wrap{padding-top:var(--global-kb-spacing-xl, 4rem);padding-right:var(--global-kb-spacing-sm, 1.5rem);padding-bottom:var(--global-kb-spacing-lg, 3rem);padding-left:var(--global-kb-spacing-sm, 1.5rem);grid-template-columns:minmax(0, 1fr);}}<\/style><div class=\"kb-row-layout-wrap kb-row-layout-id2152_8aa9fc-39 alignfull wp-block-kadence-rowlayout\"><div class=\"kt-row-column-wrap kt-has-1-columns kt-row-layout-equal kt-tab-layout-inherit kt-mobile-layout-row kt-row-valign-top\">\n<style>.kadence-column2152_ee4266-86 > .kt-inside-inner-col,.kadence-column2152_ee4266-86 > .kt-inside-inner-col:before{border-top-left-radius:0px;border-top-right-radius:0px;border-bottom-right-radius:0px;border-bottom-left-radius:0px;}.kadence-column2152_ee4266-86 > .kt-inside-inner-col{column-gap:var(--global-kb-gap-sm, 1rem);}.kadence-column2152_ee4266-86 > .kt-inside-inner-col{flex-direction:column;}.kadence-column2152_ee4266-86 > .kt-inside-inner-col > .aligncenter{width:100%;}.kadence-column2152_ee4266-86 > .kt-inside-inner-col:before{opacity:0.3;}.kadence-column2152_ee4266-86{position:relative;}@media all and (max-width: 1024px){.kadence-column2152_ee4266-86 > .kt-inside-inner-col{flex-direction:column;justify-content:center;}}@media all and (max-width: 767px){.kadence-column2152_ee4266-86 > .kt-inside-inner-col{flex-direction:column;justify-content:center;}}<\/style>\n<div class=\"wp-block-kadence-column kadence-column2152_ee4266-86\"><div class=\"kt-inside-inner-col\"><style>.wp-block-kadence-advancedheading.kt-adv-heading2152_b9987b-53, .wp-block-kadence-advancedheading.kt-adv-heading2152_b9987b-53[data-kb-block=\"kb-adv-heading2152_b9987b-53\"]{margin-bottom:var(--global-kb-spacing-xxs, 0.5rem);text-align:center;font-size:var(--global-kb-font-size-md, 1.25rem);font-style:normal;text-transform:uppercase;}.wp-block-kadence-advancedheading.kt-adv-heading2152_b9987b-53 mark.kt-highlight, .wp-block-kadence-advancedheading.kt-adv-heading2152_b9987b-53[data-kb-block=\"kb-adv-heading2152_b9987b-53\"] mark.kt-highlight{font-style:normal;color:#f76a0c;-webkit-box-decoration-break:clone;box-decoration-break:clone;padding-top:0px;padding-right:0px;padding-bottom:0px;padding-left:0px;}.wp-block-kadence-advancedheading.kt-adv-heading2152_b9987b-53 img.kb-inline-image, .wp-block-kadence-advancedheading.kt-adv-heading2152_b9987b-53[data-kb-block=\"kb-adv-heading2152_b9987b-53\"] img.kb-inline-image{width:150px;vertical-align:baseline;}<\/style>\n<h1 class=\"kt-adv-heading2152_b9987b-53 wp-block-kadence-advancedheading\" data-kb-block=\"kb-adv-heading2152_b9987b-53\">Savoir Faire<\/h1>\n\n\n<style>.wp-block-kadence-advancedheading.kt-adv-heading2152_ecf562-17, .wp-block-kadence-advancedheading.kt-adv-heading2152_ecf562-17[data-kb-block=\"kb-adv-heading2152_ecf562-17\"]{padding-top:0px;margin-top:0px;margin-bottom:var(--global-kb-spacing-xxs, 0.5rem);text-align:center;font-size:var(--global-kb-font-size-xxxl, 5rem);font-style:normal;font-family:var( --global-heading-font-family, inherit );}.wp-block-kadence-advancedheading.kt-adv-heading2152_ecf562-17 mark.kt-highlight, .wp-block-kadence-advancedheading.kt-adv-heading2152_ecf562-17[data-kb-block=\"kb-adv-heading2152_ecf562-17\"] mark.kt-highlight{font-style:normal;color:#f76a0c;-webkit-box-decoration-break:clone;box-decoration-break:clone;padding-top:0px;padding-right:0px;padding-bottom:0px;padding-left:0px;}.wp-block-kadence-advancedheading.kt-adv-heading2152_ecf562-17 img.kb-inline-image, .wp-block-kadence-advancedheading.kt-adv-heading2152_ecf562-17[data-kb-block=\"kb-adv-heading2152_ecf562-17\"] img.kb-inline-image{width:150px;vertical-align:baseline;}@media all and (max-width: 767px){.wp-block-kadence-advancedheading.kt-adv-heading2152_ecf562-17, .wp-block-kadence-advancedheading.kt-adv-heading2152_ecf562-17[data-kb-block=\"kb-adv-heading2152_ecf562-17\"]{margin-bottom:var(--global-kb-spacing-md, 2rem);line-height:1.2;}}<\/style>\n<p class=\"kt-adv-heading2152_ecf562-17 animated zoomIn wp-block-kadence-advancedheading has-theme-palette-1-color has-text-color\" data-kb-block=\"kb-adv-heading2152_ecf562-17\">La Calidad es la Mejor Receta<\/p>\n\n\n<style>.wp-block-kadence-advancedheading.kt-adv-heading2152_e80016-47, .wp-block-kadence-advancedheading.kt-adv-heading2152_e80016-47[data-kb-block=\"kb-adv-heading2152_e80016-47\"]{text-align:center;font-style:normal;}.wp-block-kadence-advancedheading.kt-adv-heading2152_e80016-47 mark.kt-highlight, .wp-block-kadence-advancedheading.kt-adv-heading2152_e80016-47[data-kb-block=\"kb-adv-heading2152_e80016-47\"] mark.kt-highlight{font-style:normal;color:#f76a0c;-webkit-box-decoration-break:clone;box-decoration-break:clone;padding-top:0px;padding-right:0px;padding-bottom:0px;padding-left:0px;}.wp-block-kadence-advancedheading.kt-adv-heading2152_e80016-47 img.kb-inline-image, .wp-block-kadence-advancedheading.kt-adv-heading2152_e80016-47[data-kb-block=\"kb-adv-heading2152_e80016-47\"] img.kb-inline-image{width:150px;vertical-align:baseline;}<\/style>\n<p class=\"kt-adv-heading2152_e80016-47 wp-block-kadence-advancedheading\" data-kb-block=\"kb-adv-heading2152_e80016-47\">La elaboraci\u00f3n del chocolate es un arte que requiere paciencia, precisi\u00f3n y amor por todo lo dulce. Se empieza seleccionando los mejores ingredientes, incluyendo granos de cacao, az\u00facar, frutos secos y licores. A continuaci\u00f3n, el chocolate se envasa y se env\u00eda para que lo disfruten los amantes del chocolate de todo el mundo.<\/p>\n<\/div><\/div>\n\n<\/div><\/div>\n\n<style>.kb-row-layout-id2152_3fe9fb-c8 > .kt-row-column-wrap{align-content:center;}:where(.kb-row-layout-id2152_3fe9fb-c8 > .kt-row-column-wrap) > .wp-block-kadence-column{justify-content:center;}.kb-row-layout-id2152_3fe9fb-c8 > .kt-row-column-wrap{column-gap:var(--global-kb-gap-md, 2rem);row-gap:var(--global-kb-gap-md, 2rem);max-width:var( --global-content-width, 1290px );padding-left:var(--global-content-edge-padding);padding-right:var(--global-content-edge-padding);padding-top:var(--global-kb-spacing-xl, 4rem);padding-bottom:var(--global-kb-spacing-xl, 4rem);min-height:100vh;grid-template-columns:minmax(0, 1fr);}.kb-row-layout-id2152_3fe9fb-c8 > .kt-row-layout-overlay{opacity:1;background:linear-gradient(360deg,rgb(0,0,0) 0%,rgba(255,255,255,0) 65%);}.kb-row-layout-id2152_3fe9fb-c8 .kt-row-layout-bottom-sep{height:100px;}.kb-row-layout-id2152_3fe9fb-c8 .kt-row-layout-bottom-sep svg{width:100%;}.kb-row-layout-id2152_3fe9fb-c8 .kt-row-layout-bottom-sep svg{fill:var(--global-palette8, #F7FAFC)!important;}@media all and (max-width: 1024px){.kb-row-layout-id2152_3fe9fb-c8 > .kt-row-column-wrap{grid-template-columns:minmax(0, 1fr);}}@media all and (max-width: 1024px){.kb-row-layout-id2152_3fe9fb-c8 .kt-row-layout-bottom-sep{height:px;}}@media all and (max-width: 1024px){.kb-row-layout-id2152_3fe9fb-c8 .kt-row-layout-bottom-sep svg{width:%;}}@media all and (max-width: 767px){.kb-row-layout-id2152_3fe9fb-c8 > .kt-row-column-wrap{padding-top:var(--global-kb-spacing-lg, 3rem);padding-bottom:var(--global-kb-spacing-lg, 3rem);min-height:40vh;grid-template-columns:minmax(0, 1fr);}.kb-row-layout-id2152_3fe9fb-c8 .kt-row-layout-bottom-sep{height:px;}.kb-row-layout-id2152_3fe9fb-c8 .kt-row-layout-bottom-sep svg{width:%;}}<\/style><div class=\"kb-row-layout-wrap kb-row-layout-id2152_3fe9fb-c8 alignfull kt-row-has-bg wp-block-kadence-rowlayout\"><div class=\"kb-blocks-bg-video-container\"><video class=\"kb-blocks-bg-video\" id=\"bg-row-video-2152_3fe9fb-c8\" playsinline muted loop src=\"https:\/\/animadulcis.com\/wp-content\/uploads\/2026\/01\/anima-dulcis-video-intro.mp4\" autoplay><\/video><\/div><div class=\"kt-row-layout-overlay kt-row-overlay-gradient\"><\/div><div class=\"kt-row-column-wrap kt-has-1-columns kt-row-layout-equal kt-tab-layout-inherit kt-mobile-layout-row kt-row-valign-middle kb-theme-content-width\">\n<style>.kadence-column2152_e0153d-86 > .kt-inside-inner-col,.kadence-column2152_e0153d-86 > .kt-inside-inner-col:before{border-top-left-radius:0px;border-top-right-radius:0px;border-bottom-right-radius:0px;border-bottom-left-radius:0px;}.kadence-column2152_e0153d-86 > .kt-inside-inner-col{column-gap:var(--global-kb-gap-sm, 1rem);}.kadence-column2152_e0153d-86 > .kt-inside-inner-col{flex-direction:column;}.kadence-column2152_e0153d-86 > .kt-inside-inner-col > .aligncenter{width:100%;}.kadence-column2152_e0153d-86 > .kt-inside-inner-col:before{opacity:0.3;}.kadence-column2152_e0153d-86{position:relative;}@media all and (max-width: 1024px){.kadence-column2152_e0153d-86 > .kt-inside-inner-col{flex-direction:column;justify-content:center;}}@media all and (max-width: 767px){.kadence-column2152_e0153d-86 > .kt-inside-inner-col{flex-direction:column;justify-content:center;}}<\/style>\n<div class=\"wp-block-kadence-column kadence-column2152_e0153d-86\"><div class=\"kt-inside-inner-col\"><style>.wp-block-kadence-advancedheading.kt-adv-heading2152_f91e29-a1, .wp-block-kadence-advancedheading.kt-adv-heading2152_f91e29-a1[data-kb-block=\"kb-adv-heading2152_f91e29-a1\"]{padding-top:0px;padding-bottom:0px;margin-bottom:0px;text-align:center;font-size:var(--global-kb-font-size-xxxl, 5rem);font-style:normal;text-transform:uppercase;text-shadow:1px 1px 1px rgba(0, 0, 0, 0.2);}.wp-block-kadence-advancedheading.kt-adv-heading2152_f91e29-a1 mark.kt-highlight, .wp-block-kadence-advancedheading.kt-adv-heading2152_f91e29-a1[data-kb-block=\"kb-adv-heading2152_f91e29-a1\"] mark.kt-highlight{font-style:normal;color:#f76a0c;-webkit-box-decoration-break:clone;box-decoration-break:clone;padding-top:0px;padding-right:0px;padding-bottom:0px;padding-left:0px;}.wp-block-kadence-advancedheading.kt-adv-heading2152_f91e29-a1 img.kb-inline-image, .wp-block-kadence-advancedheading.kt-adv-heading2152_f91e29-a1[data-kb-block=\"kb-adv-heading2152_f91e29-a1\"] img.kb-inline-image{width:150px;vertical-align:baseline;}@media all and (max-width: 1024px){.wp-block-kadence-advancedheading.kt-adv-heading2152_f91e29-a1, .wp-block-kadence-advancedheading.kt-adv-heading2152_f91e29-a1[data-kb-block=\"kb-adv-heading2152_f91e29-a1\"]{text-shadow:1px 1px 1px rgba(0, 0, 0, 0.2);}}@media all and (max-width: 767px){.wp-block-kadence-advancedheading.kt-adv-heading2152_f91e29-a1, .wp-block-kadence-advancedheading.kt-adv-heading2152_f91e29-a1[data-kb-block=\"kb-adv-heading2152_f91e29-a1\"]{text-shadow:1px 1px 1px rgba(0, 0, 0, 0.2);font-size:25px;}}<\/style>\n<h1 class=\"kt-adv-heading2152_f91e29-a1 animated fadeInUp wp-block-kadence-advancedheading has-theme-palette-9-color has-text-color\" data-kb-block=\"kb-adv-heading2152_f91e29-a1\">Nos encanta lo que hacemos<\/h1>\n<\/div><\/div>\n\n<\/div><\/div>\n\n<style>.kb-row-layout-id2152_6264c2-23 > .kt-row-column-wrap{align-content:start;}:where(.kb-row-layout-id2152_6264c2-23 > .kt-row-column-wrap) > .wp-block-kadence-column{justify-content:start;}.kb-row-layout-id2152_6264c2-23 > .kt-row-column-wrap{column-gap:var(--global-kb-gap-none, 0rem );row-gap:var(--global-kb-gap-md, 2rem);padding-right:0px;padding-left:0px;grid-template-columns:repeat(2, minmax(0, 1fr));}.kb-row-layout-id2152_6264c2-23 > .kt-row-layout-overlay{opacity:0.30;}@media all and (max-width: 1024px){.kb-row-layout-id2152_6264c2-23 > .kt-row-column-wrap{grid-template-columns:repeat(2, minmax(0, 1fr));}}@media all and (max-width: 767px){.kb-row-layout-id2152_6264c2-23 > .kt-row-column-wrap{row-gap:var(--global-kb-gap-none, 0rem );grid-template-columns:minmax(0, 1fr);}}<\/style><div class=\"kb-row-layout-wrap kb-row-layout-id2152_6264c2-23 alignfull wp-block-kadence-rowlayout\"><div class=\"kt-row-column-wrap kt-has-2-columns kt-row-layout-equal kt-tab-layout-inherit kt-mobile-layout-row kt-row-valign-top kt-inner-column-height-full\">\n<style>.kadence-column2152_b7fb92-27 > .kt-inside-inner-col{display:flex;}.kadence-column2152_b7fb92-27 > .kt-inside-inner-col{padding-top:var(--global-kb-spacing-lg, 3rem);padding-right:var(--global-kb-spacing-xxl, 5rem);padding-bottom:var(--global-kb-spacing-lg, 3rem);padding-left:var(--global-kb-spacing-xxl, 5rem);}.kadence-column2152_b7fb92-27 > .kt-inside-inner-col,.kadence-column2152_b7fb92-27 > .kt-inside-inner-col:before{border-top-left-radius:0px;border-top-right-radius:0px;border-bottom-right-radius:0px;border-bottom-left-radius:0px;}.kadence-column2152_b7fb92-27 > .kt-inside-inner-col{column-gap:var(--global-kb-gap-sm, 1rem);}.kadence-column2152_b7fb92-27 > .kt-inside-inner-col{flex-direction:column;justify-content:center;}.kadence-column2152_b7fb92-27 > .kt-inside-inner-col > .aligncenter{width:100%;}.kt-row-column-wrap > .kadence-column2152_b7fb92-27{align-self:center;}.kt-inner-column-height-full:not(.kt-has-1-columns) > .wp-block-kadence-column.kadence-column2152_b7fb92-27{align-self:auto;}.kt-inner-column-height-full:not(.kt-has-1-columns) > .wp-block-kadence-column.kadence-column2152_b7fb92-27 > .kt-inside-inner-col{flex-direction:column;justify-content:center;}.kadence-column2152_b7fb92-27 > .kt-inside-inner-col{background-color:var(--global-palette1, #3182CE);}.kadence-column2152_b7fb92-27 > .kt-inside-inner-col:before{opacity:0.3;}.kadence-column2152_b7fb92-27{position:relative;}@media all and (max-width: 1024px){.kadence-column2152_b7fb92-27 > .kt-inside-inner-col{padding-top:var(--global-kb-spacing-md, 2rem);padding-right:var(--global-kb-spacing-md, 2rem);padding-bottom:var(--global-kb-spacing-md, 2rem);padding-left:var(--global-kb-spacing-md, 2rem);flex-direction:column;justify-content:center;}}@media all and (max-width: 1024px){.kt-row-column-wrap > .kadence-column2152_b7fb92-27{align-self:center;}}@media all and (max-width: 1024px){.kt-inner-column-height-full:not(.kt-has-1-columns) > .wp-block-kadence-column.kadence-column2152_b7fb92-27{align-self:auto;}}@media all and (max-width: 1024px){.kt-inner-column-height-full:not(.kt-has-1-columns) > .wp-block-kadence-column.kadence-column2152_b7fb92-27 > .kt-inside-inner-col{flex-direction:column;justify-content:center;}}@media all and (max-width: 767px){.kt-row-column-wrap > .kadence-column2152_b7fb92-27{align-self:center;}.kt-inner-column-height-full:not(.kt-has-1-columns) > .wp-block-kadence-column.kadence-column2152_b7fb92-27{align-self:auto;}.kt-inner-column-height-full:not(.kt-has-1-columns) > .wp-block-kadence-column.kadence-column2152_b7fb92-27 > .kt-inside-inner-col{flex-direction:column;justify-content:center;}.kadence-column2152_b7fb92-27 > .kt-inside-inner-col{flex-direction:column;justify-content:center;}}<\/style>\n<div class=\"wp-block-kadence-column kadence-column2152_b7fb92-27\"><div class=\"kt-inside-inner-col\"><style>.wp-block-kadence-advancedheading.kt-adv-heading2152_06bfb7-4e, .wp-block-kadence-advancedheading.kt-adv-heading2152_06bfb7-4e[data-kb-block=\"kb-adv-heading2152_06bfb7-4e\"]{margin-bottom:var(--global-kb-spacing-sm, 1.5rem);font-style:normal;}.wp-block-kadence-advancedheading.kt-adv-heading2152_06bfb7-4e mark.kt-highlight, .wp-block-kadence-advancedheading.kt-adv-heading2152_06bfb7-4e[data-kb-block=\"kb-adv-heading2152_06bfb7-4e\"] mark.kt-highlight{font-style:normal;color:#f76a0c;-webkit-box-decoration-break:clone;box-decoration-break:clone;padding-top:0px;padding-right:0px;padding-bottom:0px;padding-left:0px;}.wp-block-kadence-advancedheading.kt-adv-heading2152_06bfb7-4e img.kb-inline-image, .wp-block-kadence-advancedheading.kt-adv-heading2152_06bfb7-4e[data-kb-block=\"kb-adv-heading2152_06bfb7-4e\"] img.kb-inline-image{width:150px;vertical-align:baseline;}@media all and (max-width: 1024px){.wp-block-kadence-advancedheading.kt-adv-heading2152_06bfb7-4e, .wp-block-kadence-advancedheading.kt-adv-heading2152_06bfb7-4e[data-kb-block=\"kb-adv-heading2152_06bfb7-4e\"]{font-size:24px;}}<\/style>\n<h2 class=\"kt-adv-heading2152_06bfb7-4e wp-block-kadence-advancedheading has-theme-palette-10-color has-text-color\" data-kb-block=\"kb-adv-heading2152_06bfb7-4e\">Somos una bomboner\u00eda de alta calidad que utiliza m\u00e9todos de elaboraci\u00f3n artesanales.<\/h2>\n\n\n<style>.wp-block-kadence-advancedheading.kt-adv-heading2152_dccdf3-3e, .wp-block-kadence-advancedheading.kt-adv-heading2152_dccdf3-3e[data-kb-block=\"kb-adv-heading2152_dccdf3-3e\"]{font-style:normal;}.wp-block-kadence-advancedheading.kt-adv-heading2152_dccdf3-3e mark.kt-highlight, .wp-block-kadence-advancedheading.kt-adv-heading2152_dccdf3-3e[data-kb-block=\"kb-adv-heading2152_dccdf3-3e\"] mark.kt-highlight{font-style:normal;color:#f76a0c;-webkit-box-decoration-break:clone;box-decoration-break:clone;padding-top:0px;padding-right:0px;padding-bottom:0px;padding-left:0px;}.wp-block-kadence-advancedheading.kt-adv-heading2152_dccdf3-3e img.kb-inline-image, .wp-block-kadence-advancedheading.kt-adv-heading2152_dccdf3-3e[data-kb-block=\"kb-adv-heading2152_dccdf3-3e\"] img.kb-inline-image{width:150px;vertical-align:baseline;}<\/style>\n<p class=\"kt-adv-heading2152_dccdf3-3e wp-block-kadence-advancedheading has-theme-palette-8-color has-text-color\" data-kb-block=\"kb-adv-heading2152_dccdf3-3e\">Pero el proceso no se detiene aqu\u00ed. La calidad y el sabor del chocolate se controlan cuidadosamente y se realizan ajustes para garantizar que cada lote sea consistente y delicioso.<\/p>\n\n\n<style>.wp-block-kadence-advancedheading.kt-adv-heading2152_c9259b-12, .wp-block-kadence-advancedheading.kt-adv-heading2152_c9259b-12[data-kb-block=\"kb-adv-heading2152_c9259b-12\"]{font-style:normal;}.wp-block-kadence-advancedheading.kt-adv-heading2152_c9259b-12 mark.kt-highlight, .wp-block-kadence-advancedheading.kt-adv-heading2152_c9259b-12[data-kb-block=\"kb-adv-heading2152_c9259b-12\"] mark.kt-highlight{font-style:normal;color:#f76a0c;-webkit-box-decoration-break:clone;box-decoration-break:clone;padding-top:0px;padding-right:0px;padding-bottom:0px;padding-left:0px;}.wp-block-kadence-advancedheading.kt-adv-heading2152_c9259b-12 img.kb-inline-image, .wp-block-kadence-advancedheading.kt-adv-heading2152_c9259b-12[data-kb-block=\"kb-adv-heading2152_c9259b-12\"] img.kb-inline-image{width:150px;vertical-align:baseline;}<\/style>\n<p class=\"kt-adv-heading2152_c9259b-12 wp-block-kadence-advancedheading has-theme-palette-8-color has-text-color\" data-kb-block=\"kb-adv-heading2152_c9259b-12\">La elaboraci\u00f3n del chocolate es un proceso meticuloso y laborioso que requiere las habilidades y la experiencia de un maestro chocolatero. Una labor realizada con amor que da como resultado un delicioso manjar que disfrutan personas de todo el mundo.<\/p>\n\n\n<style>.wp-block-kadence-advancedbtn.kb-btns2152_ddecb5-06{gap:var(--global-kb-gap-xs, 0.5rem );justify-content:flex-start;align-items:center;}.kt-btns2152_ddecb5-06 .kt-button{font-weight:normal;font-style:normal;}.kt-btns2152_ddecb5-06 .kt-btn-wrap-0{margin-right:5px;}.wp-block-kadence-advancedbtn.kt-btns2152_ddecb5-06 .kt-btn-wrap-0 .kt-button{color:#555555;border-color:#555555;}.wp-block-kadence-advancedbtn.kt-btns2152_ddecb5-06 .kt-btn-wrap-0 .kt-button:hover, .wp-block-kadence-advancedbtn.kt-btns2152_ddecb5-06 .kt-btn-wrap-0 .kt-button:focus{color:#ffffff;border-color:#444444;}.wp-block-kadence-advancedbtn.kt-btns2152_ddecb5-06 .kt-btn-wrap-0 .kt-button::before{display:none;}.wp-block-kadence-advancedbtn.kt-btns2152_ddecb5-06 .kt-btn-wrap-0 .kt-button:hover, .wp-block-kadence-advancedbtn.kt-btns2152_ddecb5-06 .kt-btn-wrap-0 .kt-button:focus{background:#444444;}<\/style>\n<div class=\"wp-block-kadence-advancedbtn kb-buttons-wrap kb-btns2152_ddecb5-06\"><style>ul.menu .wp-block-kadence-advancedbtn .kb-btn2152_26eae5-84.kb-button{width:initial;}.wp-block-kadence-advancedbtn .kb-btn2152_26eae5-84.kb-button{color:var(--global-palette3, #1A202C);background:var(--global-palette10, #3182CE);}.wp-block-kadence-advancedbtn .kb-btn2152_26eae5-84.kb-button:hover, .wp-block-kadence-advancedbtn .kb-btn2152_26eae5-84.kb-button:focus{color:var(--global-palette3, #1A202C);background:var(--global-palette9, #ffffff);}<\/style><a class=\"kb-button kt-button button kb-btn2152_26eae5-84 kt-btn-size-standard kt-btn-width-type-auto kb-btn-global-fill  kt-btn-has-text-true kt-btn-has-svg-false  wp-block-kadence-singlebtn\" href=\"https:\/\/animadulcis.com\/our-products\/\"><span class=\"kt-btn-inner-text\">Ver nuestros productos<\/span><\/a><\/div>\n<\/div><\/div>\n\n\n<style>.kadence-column2152_6de28e-bc > .kt-inside-inner-col{display:flex;}.kadence-column2152_6de28e-bc > .kt-inside-inner-col,.kadence-column2152_6de28e-bc > .kt-inside-inner-col:before{border-top-left-radius:0px;border-top-right-radius:0px;border-bottom-right-radius:0px;border-bottom-left-radius:0px;}.kadence-column2152_6de28e-bc > .kt-inside-inner-col{column-gap:var(--global-kb-gap-sm, 1rem);}.kadence-column2152_6de28e-bc > .kt-inside-inner-col{flex-direction:column;justify-content:center;}.kadence-column2152_6de28e-bc > .kt-inside-inner-col > .aligncenter{width:100%;}.kt-row-column-wrap > .kadence-column2152_6de28e-bc{align-self:center;}.kt-inner-column-height-full:not(.kt-has-1-columns) > .wp-block-kadence-column.kadence-column2152_6de28e-bc{align-self:auto;}.kt-inner-column-height-full:not(.kt-has-1-columns) > .wp-block-kadence-column.kadence-column2152_6de28e-bc > .kt-inside-inner-col{flex-direction:column;justify-content:center;}.kadence-column2152_6de28e-bc > .kt-inside-inner-col{background-image:url('https:\/\/animadulcis.com\/wp-content\/uploads\/2023\/02\/3.jpg');background-size:cover;background-position:center center;background-attachment:scroll;background-repeat:no-repeat;}.kadence-column2152_6de28e-bc > .kt-inside-inner-col:before{opacity:0.3;}.kadence-column2152_6de28e-bc{position:relative;}@media all and (max-width: 1024px){.kt-row-column-wrap > .kadence-column2152_6de28e-bc{align-self:center;}}@media all and (max-width: 1024px){.kt-inner-column-height-full:not(.kt-has-1-columns) > .wp-block-kadence-column.kadence-column2152_6de28e-bc{align-self:auto;}}@media all and (max-width: 1024px){.kt-inner-column-height-full:not(.kt-has-1-columns) > .wp-block-kadence-column.kadence-column2152_6de28e-bc > .kt-inside-inner-col{flex-direction:column;justify-content:center;}}@media all and (max-width: 1024px){.kadence-column2152_6de28e-bc > .kt-inside-inner-col{flex-direction:column;justify-content:center;}}@media all and (max-width: 767px){.kt-row-column-wrap > .kadence-column2152_6de28e-bc{align-self:center;}.kt-inner-column-height-full:not(.kt-has-1-columns) > .wp-block-kadence-column.kadence-column2152_6de28e-bc{align-self:auto;}.kt-inner-column-height-full:not(.kt-has-1-columns) > .wp-block-kadence-column.kadence-column2152_6de28e-bc > .kt-inside-inner-col{flex-direction:column;justify-content:center;}.kadence-column2152_6de28e-bc > .kt-inside-inner-col{flex-direction:column;justify-content:center;}}<\/style>\n<div class=\"wp-block-kadence-column kadence-column2152_6de28e-bc\"><div class=\"kt-inside-inner-col\"><style>.wp-block-kadence-spacer.kt-block-spacer-2152_a01303-5f .kt-block-spacer{height:550px;}.wp-block-kadence-spacer.kt-block-spacer-2152_a01303-5f .kt-divider{border-top-width:1px;height:1px;border-top-color:#eee;width:80%;border-top-style:solid;}@media all and (max-width: 1024px){.wp-block-kadence-spacer.kt-block-spacer-2152_a01303-5f .kt-block-spacer{height:400px!important;}}@media all and (max-width: 767px){.wp-block-kadence-spacer.kt-block-spacer-2152_a01303-5f .kt-block-spacer{height:300px!important;}}<\/style>\n<div class=\"wp-block-kadence-spacer aligncenter kt-block-spacer-2152_a01303-5f\"><div class=\"kt-block-spacer kt-block-spacer-halign-center\"><\/div><\/div>\n<\/div><\/div>\n\n<\/div><\/div>","protected":false},"excerpt":{"rendered":"<p>Savoir Faire La Calidad es la Mejor Receta La elaboraci\u00f3n del chocolate es un arte que requiere paciencia, precisi\u00f3n y amor por todo lo dulce. Se empieza seleccionando los mejores ingredientes, incluyendo granos de cacao, az\u00facar, frutos secos y licores. A continuaci\u00f3n, el chocolate se envasa y se env\u00eda para que lo disfruten los amantes&#8230;<\/p>\n","protected":false},"author":1,"featured_media":0,"parent":0,"menu_order":7,"comment_status":"open","ping_status":"open","template":"","meta":{"_kad_post_transparent":"disable","_kad_post_title":"hide","_kad_post_layout":"fullwidth","_kad_post_sidebar_id":"","_kad_post_content_style":"unboxed","_kad_post_vertical_padding":"hide","_kad_post_feature":"hide","_kad_post_feature_position":"","_kad_post_header":false,"_kad_post_footer":false,"_kad_post_classname":"","footnotes":""},"class_list":["post-2152","page","type-page","status-publish","hentry"],"_links":{"self":[{"href":"https:\/\/animadulcis.com\/es\/wp-json\/wp\/v2\/pages\/2152","targetHints":{"allow":["GET"]}}],"collection":[{"href":"https:\/\/animadulcis.com\/es\/wp-json\/wp\/v2\/pages"}],"about":[{"href":"https:\/\/animadulcis.com\/es\/wp-json\/wp\/v2\/types\/page"}],"author":[{"embeddable":true,"href":"https:\/\/animadulcis.com\/es\/wp-json\/wp\/v2\/users\/1"}],"replies":[{"embeddable":true,"href":"https:\/\/animadulcis.com\/es\/wp-json\/wp\/v2\/comments?post=2152"}],"version-history":[{"count":4,"href":"https:\/\/animadulcis.com\/es\/wp-json\/wp\/v2\/pages\/2152\/revisions"}],"predecessor-version":[{"id":2176,"href":"https:\/\/animadulcis.com\/es\/wp-json\/wp\/v2\/pages\/2152\/revisions\/2176"}],"wp:attachment":[{"href":"https:\/\/animadulcis.com\/es\/wp-json\/wp\/v2\/media?parent=2152"}],"curies":[{"name":"wp","href":"https:\/\/api.w.org\/{rel}","templated":true}]}}